{"id":1293,"date":"2023-05-27T23:25:41","date_gmt":"2023-05-27T23:25:41","guid":{"rendered":"https:\/\/vamedicalca.com\/product\/ferula-para-muneca-y-antebrazo-wr-0803\/"},"modified":"2023-05-27T23:25:41","modified_gmt":"2023-05-27T23:25:41","slug":"munequera-antebrazo-plegable-wr-0803","status":"publish","type":"product","link":"https:\/\/vamedicalca.com\/es\/producto\/munequera-antebrazo-plegable-wr-0803\/","title":{"rendered":"F\u00c9RULA PARA MU\u00d1ECA Y ANTEBRAZO WR-0803"},"content":{"rendered":"","protected":false},"excerpt":{"rendered":"<ul>\n<li>Tendinitis, tenosinovitis o bursitis.<\/li>\n<li>Cuidado de la mu\u00f1eca artr\u00edtica.<\/li>\n<li>Protecci\u00f3n posterior al enlucido.<\/li>\n<li>Protecci\u00f3n y rehabilitaci\u00f3n posquir\u00fargica.<\/li>\n<li>Lesi\u00f3n metacarpiana.<\/li>\n<li>Tratamiento de la cirug\u00eda de reparaci\u00f3n de tendones.<\/li>\n<li>Para esguinces y distensiones.<\/li>\n<li>Para cualquier otra afecci\u00f3n que requiera apoyo ortop\u00e9dico en la mu\u00f1eca, la mano y el antebrazo.<\/li>\n<\/ul>\n<p>&nbsp;<\/p>\n<p>Talla: UNIVERSAL<\/p>\n","protected":false},"featured_media":892,"comment_status":"open","ping_status":"closed","template":"","meta":{"rs_blank_template":"","rs_page_bg_color":"","slide_template_v7":""},"product_brand":[],"product_cat":[56,59],"product_tag":[],"class_list":{"0":"post-1293","1":"product","2":"type-product","3":"status-publish","4":"has-post-thumbnail","6":"product_cat-ortopedia-de-adultos","7":"product_cat-soportes-para-brazos-y-manos","9":"first","10":"instock","11":"shipping-taxable","12":"product-type-simple"},"_links":{"self":[{"href":"https:\/\/vamedicalca.com\/es\/wp-json\/wp\/v2\/product\/1293","targetHints":{"allow":["GET"]}}],"collection":[{"href":"https:\/\/vamedicalca.com\/es\/wp-json\/wp\/v2\/product"}],"about":[{"href":"https:\/\/vamedicalca.com\/es\/wp-json\/wp\/v2\/types\/product"}],"replies":[{"embeddable":true,"href":"https:\/\/vamedicalca.com\/es\/wp-json\/wp\/v2\/comments?post=1293"}],"version-history":[{"count":0,"href":"https:\/\/vamedicalca.com\/es\/wp-json\/wp\/v2\/product\/1293\/revisions"}],"wp:featuredmedia":[{"embeddable":true,"href":"https:\/\/vamedicalca.com\/es\/wp-json\/wp\/v2\/media\/892"}],"wp:attachment":[{"href":"https:\/\/vamedicalca.com\/es\/wp-json\/wp\/v2\/media?parent=1293"}],"wp:term":[{"taxonomy":"product_brand","embeddable":true,"href":"https:\/\/vamedicalca.com\/es\/wp-json\/wp\/v2\/product_brand?post=1293"},{"taxonomy":"product_cat","embeddable":true,"href":"https:\/\/vamedicalca.com\/es\/wp-json\/wp\/v2\/product_cat?post=1293"},{"taxonomy":"product_tag","embeddable":true,"href":"https:\/\/vamedicalca.com\/es\/wp-json\/wp\/v2\/product_tag?post=1293"}],"curies":[{"name":"wp","href":"https:\/\/api.w.org\/{rel}","templated":true}]}}