{"id":1284,"date":"2023-05-27T23:44:02","date_gmt":"2023-05-27T23:44:02","guid":{"rendered":"https:\/\/vamedicalca.com\/product\/soporte-para-codo-de-tenista-con-almohadilla-de-silicona-wr-0817\/"},"modified":"2023-08-23T23:27:39","modified_gmt":"2023-08-23T23:27:39","slug":"soporte-de-codo-de-tenis-con-almohadilla-de-silicona-wr-0817","status":"publish","type":"product","link":"https:\/\/vamedicalca.com\/es\/producto\/soporte-de-codo-de-tenis-con-almohadilla-de-silicona-wr-0817\/","title":{"rendered":"SOPORTE PARA CODO DE TENISTA CON ALMOHADILLA DE SILICONA WR-0817"},"content":{"rendered":"","protected":false},"excerpt":{"rendered":"<ul>\n<li>El soporte para codo de tenista (con almohadilla de silicona) est\u00e1 tejido con fibra de bamb\u00fa natural como materia prima: buena capacidad de absorci\u00f3n.<\/li>\n<li>El tejido de compresi\u00f3n transpirable mantiene la estabilidad articular con independencia de la actividad, al tiempo que evita los picores habituales de los vendajes de neopreno.<\/li>\n<li>Ayuda a deportistas y ancianos a reducir el dolor y recuperarse m\u00e1s r\u00e1pidamente de los problemas de codo.<\/li>\n<\/ul>\n<p>&nbsp;<\/p>\n<p>Talla: S, M, L, XL, XXL.<\/p>\n","protected":false},"featured_media":17874,"comment_status":"open","ping_status":"closed","template":"","meta":{"rs_blank_template":"","rs_page_bg_color":"","slide_template_v7":""},"product_brand":[],"product_cat":[56,59],"product_tag":[],"class_list":{"0":"post-1284","1":"product","2":"type-product","3":"status-publish","4":"has-post-thumbnail","6":"product_cat-ortopedia-de-adultos","7":"product_cat-soportes-para-brazos-y-manos","9":"first","10":"instock","11":"shipping-taxable","12":"product-type-simple"},"_links":{"self":[{"href":"https:\/\/vamedicalca.com\/es\/wp-json\/wp\/v2\/product\/1284","targetHints":{"allow":["GET"]}}],"collection":[{"href":"https:\/\/vamedicalca.com\/es\/wp-json\/wp\/v2\/product"}],"about":[{"href":"https:\/\/vamedicalca.com\/es\/wp-json\/wp\/v2\/types\/product"}],"replies":[{"embeddable":true,"href":"https:\/\/vamedicalca.com\/es\/wp-json\/wp\/v2\/comments?post=1284"}],"version-history":[{"count":0,"href":"https:\/\/vamedicalca.com\/es\/wp-json\/wp\/v2\/product\/1284\/revisions"}],"wp:featuredmedia":[{"embeddable":true,"href":"https:\/\/vamedicalca.com\/es\/wp-json\/wp\/v2\/media\/17874"}],"wp:attachment":[{"href":"https:\/\/vamedicalca.com\/es\/wp-json\/wp\/v2\/media?parent=1284"}],"wp:term":[{"taxonomy":"product_brand","embeddable":true,"href":"https:\/\/vamedicalca.com\/es\/wp-json\/wp\/v2\/product_brand?post=1284"},{"taxonomy":"product_cat","embeddable":true,"href":"https:\/\/vamedicalca.com\/es\/wp-json\/wp\/v2\/product_cat?post=1284"},{"taxonomy":"product_tag","embeddable":true,"href":"https:\/\/vamedicalca.com\/es\/wp-json\/wp\/v2\/product_tag?post=1284"}],"curies":[{"name":"wp","href":"https:\/\/api.w.org\/{rel}","templated":true}]}}