{"id":1283,"date":"2023-05-27T23:45:40","date_gmt":"2023-05-27T23:45:40","guid":{"rendered":"https:\/\/vamedicalca.com\/product\/codera-con-correa-wr-0813\/"},"modified":"2023-05-27T23:45:40","modified_gmt":"2023-05-27T23:45:40","slug":"codo-soporte-con-correa-wr-0813","status":"publish","type":"product","link":"https:\/\/vamedicalca.com\/es\/producto\/codo-soporte-con-correa-wr-0813\/","title":{"rendered":"CODERA CON CORREA WR-0813"},"content":{"rendered":"","protected":false},"excerpt":{"rendered":"<ul>\n<li>Ampliamente utilizado en la pr\u00e1ctica ortop\u00e9dica para proporcionar compresi\u00f3n firme, calor y soporte al antebrazo y la articulaci\u00f3n del codo.<\/li>\n<li>Alivia el dolor, la inflamaci\u00f3n y la rigidez, generalmente asociados a la vejez, la artritis, las lesiones deportivas, etc.<\/li>\n<\/ul>\n<p>&nbsp;<\/p>\n<p>Talla: S, M, L, XL, XXL.<\/p>\n","protected":false},"featured_media":924,"comment_status":"open","ping_status":"closed","template":"","meta":{"rs_blank_template":"","rs_page_bg_color":"","slide_template_v7":""},"product_brand":[],"product_cat":[56,59],"product_tag":[],"class_list":{"0":"post-1283","1":"product","2":"type-product","3":"status-publish","4":"has-post-thumbnail","6":"product_cat-ortopedia-de-adultos","7":"product_cat-soportes-para-brazos-y-manos","9":"first","10":"instock","11":"shipping-taxable","12":"product-type-simple"},"_links":{"self":[{"href":"https:\/\/vamedicalca.com\/es\/wp-json\/wp\/v2\/product\/1283","targetHints":{"allow":["GET"]}}],"collection":[{"href":"https:\/\/vamedicalca.com\/es\/wp-json\/wp\/v2\/product"}],"about":[{"href":"https:\/\/vamedicalca.com\/es\/wp-json\/wp\/v2\/types\/product"}],"replies":[{"embeddable":true,"href":"https:\/\/vamedicalca.com\/es\/wp-json\/wp\/v2\/comments?post=1283"}],"version-history":[{"count":0,"href":"https:\/\/vamedicalca.com\/es\/wp-json\/wp\/v2\/product\/1283\/revisions"}],"wp:featuredmedia":[{"embeddable":true,"href":"https:\/\/vamedicalca.com\/es\/wp-json\/wp\/v2\/media\/924"}],"wp:attachment":[{"href":"https:\/\/vamedicalca.com\/es\/wp-json\/wp\/v2\/media?parent=1283"}],"wp:term":[{"taxonomy":"product_brand","embeddable":true,"href":"https:\/\/vamedicalca.com\/es\/wp-json\/wp\/v2\/product_brand?post=1283"},{"taxonomy":"product_cat","embeddable":true,"href":"https:\/\/vamedicalca.com\/es\/wp-json\/wp\/v2\/product_cat?post=1283"},{"taxonomy":"product_tag","embeddable":true,"href":"https:\/\/vamedicalca.com\/es\/wp-json\/wp\/v2\/product_tag?post=1283"}],"curies":[{"name":"wp","href":"https:\/\/api.w.org\/{rel}","templated":true}]}}