{"id":1281,"date":"2023-05-27T23:48:47","date_gmt":"2023-05-27T23:48:47","guid":{"rendered":"https:\/\/vamedicalca.com\/product\/soporte-para-codo-de-tenista-furo-par-wr-0816\/"},"modified":"2023-05-27T23:48:47","modified_gmt":"2023-05-27T23:48:47","slug":"soporte-codo-tenis-furo-par-wr-0816","status":"publish","type":"product","link":"https:\/\/vamedicalca.com\/es\/producto\/soporte-codo-tenis-furo-par-wr-0816\/","title":{"rendered":"SOPORTE PARA CODO DE TENISTA (FURO) (PAR) WR-0816"},"content":{"rendered":"","protected":false},"excerpt":{"rendered":"<ul>\n<li>La ortesis para codo de tenista (Furo) se utiliza ampliamente en la pr\u00e1ctica ortop\u00e9dica para proporcionar una compresi\u00f3n firme, calor y apoyo a la articulaci\u00f3n del antebrazo y el codo, para aliviar el dolor, la inflamaci\u00f3n y la rigidez, generalmente asociados con la vejez, la artritis, las lesiones deportivas, etc.<\/li>\n<\/ul>\n<p>&nbsp;<\/p>\n<p>Talla: S, M, L, XL, XXL<\/p>\n","protected":false},"featured_media":930,"comment_status":"open","ping_status":"closed","template":"","meta":{"rs_blank_template":"","rs_page_bg_color":"","slide_template_v7":""},"product_brand":[],"product_cat":[56,59],"product_tag":[],"class_list":{"0":"post-1281","1":"product","2":"type-product","3":"status-publish","4":"has-post-thumbnail","6":"product_cat-ortopedia-de-adultos","7":"product_cat-soportes-para-brazos-y-manos","9":"first","10":"instock","11":"shipping-taxable","12":"product-type-simple"},"_links":{"self":[{"href":"https:\/\/vamedicalca.com\/es\/wp-json\/wp\/v2\/product\/1281","targetHints":{"allow":["GET"]}}],"collection":[{"href":"https:\/\/vamedicalca.com\/es\/wp-json\/wp\/v2\/product"}],"about":[{"href":"https:\/\/vamedicalca.com\/es\/wp-json\/wp\/v2\/types\/product"}],"replies":[{"embeddable":true,"href":"https:\/\/vamedicalca.com\/es\/wp-json\/wp\/v2\/comments?post=1281"}],"version-history":[{"count":0,"href":"https:\/\/vamedicalca.com\/es\/wp-json\/wp\/v2\/product\/1281\/revisions"}],"wp:featuredmedia":[{"embeddable":true,"href":"https:\/\/vamedicalca.com\/es\/wp-json\/wp\/v2\/media\/930"}],"wp:attachment":[{"href":"https:\/\/vamedicalca.com\/es\/wp-json\/wp\/v2\/media?parent=1281"}],"wp:term":[{"taxonomy":"product_brand","embeddable":true,"href":"https:\/\/vamedicalca.com\/es\/wp-json\/wp\/v2\/product_brand?post=1281"},{"taxonomy":"product_cat","embeddable":true,"href":"https:\/\/vamedicalca.com\/es\/wp-json\/wp\/v2\/product_cat?post=1281"},{"taxonomy":"product_tag","embeddable":true,"href":"https:\/\/vamedicalca.com\/es\/wp-json\/wp\/v2\/product_tag?post=1281"}],"curies":[{"name":"wp","href":"https:\/\/api.w.org\/{rel}","templated":true}]}}