{"id":1280,"date":"2023-05-27T23:51:33","date_gmt":"2023-05-27T23:51:33","guid":{"rendered":"https:\/\/vamedicalca.com\/product\/cuna-para-dedos-fn-1003\/"},"modified":"2023-08-25T00:39:55","modified_gmt":"2023-08-25T00:39:55","slug":"finger-cot-fn-1003","status":"publish","type":"product","link":"https:\/\/vamedicalca.com\/es\/producto\/finger-cot-fn-1003\/","title":{"rendered":"F\u00c9RULA PARA DEDOS FN-1003"},"content":{"rendered":"","protected":false},"excerpt":{"rendered":"<ul>\n<li>Est\u00e1 dise\u00f1ado para proporcionar una fuerte cubierta protectora alrededor de un dedo lesionado, quemado, fracturado, operado quir\u00fargicamente y en recuperaci\u00f3n.<\/li>\n<li>Proporciona un tratamiento c\u00f3modo y rentable para varios tipos de afecciones m\u00e9dicas de los dedos.<\/li>\n<li>Disponibles en varios tama\u00f1os, para adaptarse a la longitud de cada dedo.<\/li>\n<\/ul>\n<p>&nbsp;<\/p>\n<p>Talla: S, M, L<\/p>\n","protected":false},"featured_media":933,"comment_status":"open","ping_status":"closed","template":"","meta":{"rs_blank_template":"","rs_page_bg_color":"","slide_template_v7":""},"product_brand":[],"product_cat":[56,59],"product_tag":[],"class_list":{"0":"post-1280","1":"product","2":"type-product","3":"status-publish","4":"has-post-thumbnail","6":"product_cat-ortopedia-de-adultos","7":"product_cat-soportes-para-brazos-y-manos","9":"first","10":"instock","11":"shipping-taxable","12":"product-type-simple"},"_links":{"self":[{"href":"https:\/\/vamedicalca.com\/es\/wp-json\/wp\/v2\/product\/1280","targetHints":{"allow":["GET"]}}],"collection":[{"href":"https:\/\/vamedicalca.com\/es\/wp-json\/wp\/v2\/product"}],"about":[{"href":"https:\/\/vamedicalca.com\/es\/wp-json\/wp\/v2\/types\/product"}],"replies":[{"embeddable":true,"href":"https:\/\/vamedicalca.com\/es\/wp-json\/wp\/v2\/comments?post=1280"}],"version-history":[{"count":0,"href":"https:\/\/vamedicalca.com\/es\/wp-json\/wp\/v2\/product\/1280\/revisions"}],"wp:featuredmedia":[{"embeddable":true,"href":"https:\/\/vamedicalca.com\/es\/wp-json\/wp\/v2\/media\/933"}],"wp:attachment":[{"href":"https:\/\/vamedicalca.com\/es\/wp-json\/wp\/v2\/media?parent=1280"}],"wp:term":[{"taxonomy":"product_brand","embeddable":true,"href":"https:\/\/vamedicalca.com\/es\/wp-json\/wp\/v2\/product_brand?post=1280"},{"taxonomy":"product_cat","embeddable":true,"href":"https:\/\/vamedicalca.com\/es\/wp-json\/wp\/v2\/product_cat?post=1280"},{"taxonomy":"product_tag","embeddable":true,"href":"https:\/\/vamedicalca.com\/es\/wp-json\/wp\/v2\/product_tag?post=1280"}],"curies":[{"name":"wp","href":"https:\/\/api.w.org\/{rel}","templated":true}]}}