{"id":1275,"date":"2023-05-28T00:02:09","date_gmt":"2023-05-28T00:02:09","guid":{"rendered":"https:\/\/vamedicalca.com\/product\/traccion-cervical-cabestro-tr-0901\/"},"modified":"2023-05-28T00:02:09","modified_gmt":"2023-05-28T00:02:09","slug":"cervical-traction-head-halter-tr-0901","status":"publish","type":"product","link":"https:\/\/vamedicalca.com\/es\/producto\/cervical-traction-head-halter-tr-0901\/","title":{"rendered":"TRACCI\u00d3N CERVICAL (CABESTRO) TR-0901"},"content":{"rendered":"","protected":false},"excerpt":{"rendered":"<ul>\n<li>Dise\u00f1ado para ser utilizado c\u00f3modamente en casa o en hospitales. Duradero y resistente para una larga vida \u00fatil y m\u00faltiples usos.<\/li>\n<li>Puede utilizarse en postura de dormir. La polea est\u00e1 dise\u00f1ada ergon\u00f3micamente para adaptarse a cualquier lado de la cama. Cabezada acolchada suave proporciona una interfaz c\u00f3moda para la tracci\u00f3n, es f\u00e1cil de llevar y usar.<\/li>\n<li>  Una soluci\u00f3n completa, el kit incluye soporte de polea de tracci\u00f3n, cabestro de cabeza de tracci\u00f3n cervical, barra separadora de tracci\u00f3n cervical, cable de tracci\u00f3n y bolsa de lastre de tracci\u00f3n (arena no incluida).<\/li>\n<li>UN KIT COMPLETO: Dise\u00f1ado para proporcionar tracci\u00f3n a las v\u00e9rtebras cervicales y dorsales superiores.<\/li>\n<li>COMODIDAD DE LA TERAPIA DE TRACCI\u00d3N EN CASA: Puede utilizarse desde la comodidad de su hogar, as\u00ed como en hospitales.<\/li>\n<li>DURADERO Y F\u00c1CIL DE LLEVAR: Duradero y resistente para una larga vida \u00fatil y m\u00faltiples usos.<\/li>\n<li>TODO INCLUIDO: El kit incluye soporte de polea de tracci\u00f3n, cabestro de cabeza de tracci\u00f3n cervical, barra separadora de tracci\u00f3n cervical, cuerda de tracci\u00f3n y bolsa de lastre de tracci\u00f3n.<\/li>\n<li>SE ADAPTA A CUALQUIER LADO DE LA CAMA: La polea est\u00e1 dise\u00f1ada ergon\u00f3micamente para adaptarse a cualquier lado de la cama. Cabezada acolchada suave proporciona una interfaz c\u00f3moda para la tracci\u00f3n, es f\u00e1cil de llevar y usar.<\/li>\n<\/ul>\n<p>&nbsp;<\/p>\n<p>Talla: UNIVERSAL<\/p>\n","protected":false},"featured_media":948,"comment_status":"open","ping_status":"closed","template":"","meta":{"rs_blank_template":"","rs_page_bg_color":"","slide_template_v7":""},"product_brand":[],"product_cat":[64,56],"product_tag":[],"class_list":{"0":"post-1275","1":"product","2":"type-product","3":"status-publish","4":"has-post-thumbnail","6":"product_cat-kits-de-traccion","7":"product_cat-ortopedia-de-adultos","9":"first","10":"instock","11":"shipping-taxable","12":"product-type-simple"},"_links":{"self":[{"href":"https:\/\/vamedicalca.com\/es\/wp-json\/wp\/v2\/product\/1275","targetHints":{"allow":["GET"]}}],"collection":[{"href":"https:\/\/vamedicalca.com\/es\/wp-json\/wp\/v2\/product"}],"about":[{"href":"https:\/\/vamedicalca.com\/es\/wp-json\/wp\/v2\/types\/product"}],"replies":[{"embeddable":true,"href":"https:\/\/vamedicalca.com\/es\/wp-json\/wp\/v2\/comments?post=1275"}],"version-history":[{"count":0,"href":"https:\/\/vamedicalca.com\/es\/wp-json\/wp\/v2\/product\/1275\/revisions"}],"wp:featuredmedia":[{"embeddable":true,"href":"https:\/\/vamedicalca.com\/es\/wp-json\/wp\/v2\/media\/948"}],"wp:attachment":[{"href":"https:\/\/vamedicalca.com\/es\/wp-json\/wp\/v2\/media?parent=1275"}],"wp:term":[{"taxonomy":"product_brand","embeddable":true,"href":"https:\/\/vamedicalca.com\/es\/wp-json\/wp\/v2\/product_brand?post=1275"},{"taxonomy":"product_cat","embeddable":true,"href":"https:\/\/vamedicalca.com\/es\/wp-json\/wp\/v2\/product_cat?post=1275"},{"taxonomy":"product_tag","embeddable":true,"href":"https:\/\/vamedicalca.com\/es\/wp-json\/wp\/v2\/product_tag?post=1275"}],"curies":[{"name":"wp","href":"https:\/\/api.w.org\/{rel}","templated":true}]}}