{"id":1274,"date":"2023-05-28T00:03:37","date_gmt":"2023-05-28T00:03:37","guid":{"rendered":"https:\/\/vamedicalca.com\/product\/kit-de-traccion-cervical-sentado-con-bolsa-de-pesas-tr-0903\/"},"modified":"2023-05-28T00:03:37","modified_gmt":"2023-05-28T00:03:37","slug":"kit-de-traccion-cervical-con-bolsa-de-lastre-tr-0903","status":"publish","type":"product","link":"https:\/\/vamedicalca.com\/es\/producto\/kit-de-traccion-cervical-con-bolsa-de-lastre-tr-0903\/","title":{"rendered":"KIT DE TRACCI\u00d3N CERVICAL SENTADO CON BOLSA DE PESAS TR-0903"},"content":{"rendered":"","protected":false},"excerpt":{"rendered":"<ul>\n<li>C\u00f3modo uso dom\u00e9stico.<\/li>\n<li>Tracci\u00f3n continua controlada.<\/li>\n<li>F\u00e1cil extracci\u00f3n y aplicaci\u00f3n.<\/li>\n<li>P\u00e9rdida por fricci\u00f3n reducida.<\/li>\n<li>Dise\u00f1ado para ser utilizado c\u00f3modamente en domicilios u hospitales. Duradero y resistente para una larga vida \u00fatil y m\u00faltiples usos.<\/li>\n<li>Puede utilizarse en postura sentada. La polea est\u00e1 dise\u00f1ada ergon\u00f3micamente para adaptarse a cualquier borde de puerta. Cabezada acolchada suave proporciona una interfaz c\u00f3moda para la tracci\u00f3n, es f\u00e1cil de llevar y usar.<\/li>\n<li>Una soluci\u00f3n completa, el kit incluye soporte de polea de tracci\u00f3n. Cabestro de tracci\u00f3n cervical, barra separadora de tracci\u00f3n cervical, cuerda de tracci\u00f3n de 3 m, bolsa de lastre de tracci\u00f3n.<\/li>\n<\/ul>\n<p>&nbsp;<\/p>\n<p>Talla: UNIVERSAL<\/p>\n","protected":false},"featured_media":951,"comment_status":"open","ping_status":"closed","template":"","meta":{"rs_blank_template":"","rs_page_bg_color":"","slide_template_v7":""},"product_brand":[],"product_cat":[64,56],"product_tag":[],"class_list":{"0":"post-1274","1":"product","2":"type-product","3":"status-publish","4":"has-post-thumbnail","6":"product_cat-kits-de-traccion","7":"product_cat-ortopedia-de-adultos","9":"first","10":"instock","11":"shipping-taxable","12":"product-type-simple"},"_links":{"self":[{"href":"https:\/\/vamedicalca.com\/es\/wp-json\/wp\/v2\/product\/1274","targetHints":{"allow":["GET"]}}],"collection":[{"href":"https:\/\/vamedicalca.com\/es\/wp-json\/wp\/v2\/product"}],"about":[{"href":"https:\/\/vamedicalca.com\/es\/wp-json\/wp\/v2\/types\/product"}],"replies":[{"embeddable":true,"href":"https:\/\/vamedicalca.com\/es\/wp-json\/wp\/v2\/comments?post=1274"}],"version-history":[{"count":0,"href":"https:\/\/vamedicalca.com\/es\/wp-json\/wp\/v2\/product\/1274\/revisions"}],"wp:featuredmedia":[{"embeddable":true,"href":"https:\/\/vamedicalca.com\/es\/wp-json\/wp\/v2\/media\/951"}],"wp:attachment":[{"href":"https:\/\/vamedicalca.com\/es\/wp-json\/wp\/v2\/media?parent=1274"}],"wp:term":[{"taxonomy":"product_brand","embeddable":true,"href":"https:\/\/vamedicalca.com\/es\/wp-json\/wp\/v2\/product_brand?post=1274"},{"taxonomy":"product_cat","embeddable":true,"href":"https:\/\/vamedicalca.com\/es\/wp-json\/wp\/v2\/product_cat?post=1274"},{"taxonomy":"product_tag","embeddable":true,"href":"https:\/\/vamedicalca.com\/es\/wp-json\/wp\/v2\/product_tag?post=1274"}],"curies":[{"name":"wp","href":"https:\/\/api.w.org\/{rel}","templated":true}]}}