{"id":1273,"date":"2023-05-28T00:09:06","date_gmt":"2023-05-28T00:09:06","guid":{"rendered":"https:\/\/vamedicalca.com\/product\/cinturon-de-traccion-de-tobillo-tr-0918\/"},"modified":"2023-05-28T00:09:06","modified_gmt":"2023-05-28T00:09:06","slug":"ankle-traction-belt-tr-0918","status":"publish","type":"product","link":"https:\/\/vamedicalca.com\/es\/producto\/ankle-traction-belt-tr-0918\/","title":{"rendered":"CINTUR\u00d3N DE TRACCI\u00d3N DE TOBILLO TR-0918"},"content":{"rendered":"","protected":false},"excerpt":{"rendered":"<ul>\n<li>Samson le ofrece un soporte de tracci\u00f3n para el tobillo que est\u00e1 dise\u00f1ado para estabilizar el tobillo y evitar lesiones posteriores.<\/li>\n<li>Est\u00e1 hecha de algod\u00f3n resistente con refuerzo de lona para mayor comodidad.<\/li>\n<li>El soporte ayuda a proporcionar agarre y estabilidad a la extremidad inferior.<\/li>\n<li>Te mantiene firmemente en posici\u00f3n de descanso con la ayuda de un suave acolchado que sujeta el tobillo.<\/li>\n<\/ul>\n<p>&nbsp;<\/p>\n<p>Talla: UNIVERSAL<\/p>\n","protected":false},"featured_media":954,"comment_status":"open","ping_status":"closed","template":"","meta":{"rs_blank_template":"","rs_page_bg_color":"","slide_template_v7":""},"product_brand":[],"product_cat":[64,56],"product_tag":[],"class_list":{"0":"post-1273","1":"product","2":"type-product","3":"status-publish","4":"has-post-thumbnail","6":"product_cat-kits-de-traccion","7":"product_cat-ortopedia-de-adultos","9":"first","10":"instock","11":"shipping-taxable","12":"product-type-simple"},"_links":{"self":[{"href":"https:\/\/vamedicalca.com\/es\/wp-json\/wp\/v2\/product\/1273","targetHints":{"allow":["GET"]}}],"collection":[{"href":"https:\/\/vamedicalca.com\/es\/wp-json\/wp\/v2\/product"}],"about":[{"href":"https:\/\/vamedicalca.com\/es\/wp-json\/wp\/v2\/types\/product"}],"replies":[{"embeddable":true,"href":"https:\/\/vamedicalca.com\/es\/wp-json\/wp\/v2\/comments?post=1273"}],"version-history":[{"count":0,"href":"https:\/\/vamedicalca.com\/es\/wp-json\/wp\/v2\/product\/1273\/revisions"}],"wp:featuredmedia":[{"embeddable":true,"href":"https:\/\/vamedicalca.com\/es\/wp-json\/wp\/v2\/media\/954"}],"wp:attachment":[{"href":"https:\/\/vamedicalca.com\/es\/wp-json\/wp\/v2\/media?parent=1273"}],"wp:term":[{"taxonomy":"product_brand","embeddable":true,"href":"https:\/\/vamedicalca.com\/es\/wp-json\/wp\/v2\/product_brand?post=1273"},{"taxonomy":"product_cat","embeddable":true,"href":"https:\/\/vamedicalca.com\/es\/wp-json\/wp\/v2\/product_cat?post=1273"},{"taxonomy":"product_tag","embeddable":true,"href":"https:\/\/vamedicalca.com\/es\/wp-json\/wp\/v2\/product_tag?post=1273"}],"curies":[{"name":"wp","href":"https:\/\/api.w.org\/{rel}","templated":true}]}}