{"id":1272,"date":"2023-05-28T00:10:36","date_gmt":"2023-05-28T00:10:36","guid":{"rendered":"https:\/\/vamedicalca.com\/product\/ortesis-de-traccion-para-piernas-tr-0917\/"},"modified":"2023-07-25T23:37:03","modified_gmt":"2023-07-25T23:37:03","slug":"leg-traction-brace-tr-0917","status":"publish","type":"product","link":"https:\/\/vamedicalca.com\/es\/producto\/leg-traction-brace-tr-0917\/","title":{"rendered":"ORTESIS DE TRACCI\u00d3N PARA PIERNAS TR-0917"},"content":{"rendered":"","protected":false},"excerpt":{"rendered":"<ul>\n<li>Para el tratamiento de fracturas del hueso p\u00e9lvico.<\/li>\n<li>Por luxaci\u00f3n de la articulaci\u00f3n p\u00e9lvica.<\/li>\n<li>Reparaci\u00f3n de fracturas, luxaciones y contracturas de cadera.<\/li>\n<li>Distribuye la presi\u00f3n uniformemente.<\/li>\n<li>Estabilizar la rodilla y reducir los espasmos musculares en lesiones de rodilla que no impliquen fracturas.<\/li>\n<\/ul>\n<p>Talla: S, M, L, XL, XXL<\/p>\n","protected":false},"featured_media":957,"comment_status":"open","ping_status":"closed","template":"","meta":{"rs_blank_template":"","rs_page_bg_color":"","slide_template_v7":""},"product_brand":[],"product_cat":[64,56],"product_tag":[],"class_list":{"0":"post-1272","1":"product","2":"type-product","3":"status-publish","4":"has-post-thumbnail","6":"product_cat-kits-de-traccion","7":"product_cat-ortopedia-de-adultos","9":"first","10":"instock","11":"shipping-taxable","12":"product-type-simple"},"_links":{"self":[{"href":"https:\/\/vamedicalca.com\/es\/wp-json\/wp\/v2\/product\/1272","targetHints":{"allow":["GET"]}}],"collection":[{"href":"https:\/\/vamedicalca.com\/es\/wp-json\/wp\/v2\/product"}],"about":[{"href":"https:\/\/vamedicalca.com\/es\/wp-json\/wp\/v2\/types\/product"}],"replies":[{"embeddable":true,"href":"https:\/\/vamedicalca.com\/es\/wp-json\/wp\/v2\/comments?post=1272"}],"version-history":[{"count":0,"href":"https:\/\/vamedicalca.com\/es\/wp-json\/wp\/v2\/product\/1272\/revisions"}],"wp:featuredmedia":[{"embeddable":true,"href":"https:\/\/vamedicalca.com\/es\/wp-json\/wp\/v2\/media\/957"}],"wp:attachment":[{"href":"https:\/\/vamedicalca.com\/es\/wp-json\/wp\/v2\/media?parent=1272"}],"wp:term":[{"taxonomy":"product_brand","embeddable":true,"href":"https:\/\/vamedicalca.com\/es\/wp-json\/wp\/v2\/product_brand?post=1272"},{"taxonomy":"product_cat","embeddable":true,"href":"https:\/\/vamedicalca.com\/es\/wp-json\/wp\/v2\/product_cat?post=1272"},{"taxonomy":"product_tag","embeddable":true,"href":"https:\/\/vamedicalca.com\/es\/wp-json\/wp\/v2\/product_tag?post=1272"}],"curies":[{"name":"wp","href":"https:\/\/api.w.org\/{rel}","templated":true}]}}