{"id":1271,"date":"2023-05-28T00:13:31","date_gmt":"2023-05-28T00:13:31","guid":{"rendered":"https:\/\/vamedicalca.com\/product\/plantillas-ortopedicas-par-fc-4002\/"},"modified":"2023-05-28T00:13:31","modified_gmt":"2023-05-28T00:13:31","slug":"plantillas-ortopedicas-par-fc-4002","status":"publish","type":"product","link":"https:\/\/vamedicalca.com\/es\/producto\/plantillas-ortopedicas-par-fc-4002\/","title":{"rendered":"PLANTILLAS ORTOP\u00c9DICAS (PAR) FC-4002"},"content":{"rendered":"","protected":false},"excerpt":{"rendered":"<ul>\n<li>Distribuye la presi\u00f3n sobre el pie y reduce el impacto a cada paso.<\/li>\n<li>Con soporte del arco reforzado, para distribuir el peso al caminar.<\/li>\n<li>Con tecnolog\u00eda a prueba de impactos, absorbe la presi\u00f3n en el tal\u00f3n, reduciendo el dolor de tal\u00f3n.<\/li>\n<\/ul>\n<p>&nbsp;<\/p>\n<p>Talla: S, M, L, XL<\/p>\n","protected":false},"featured_media":960,"comment_status":"open","ping_status":"closed","template":"","meta":{"rs_blank_template":"","rs_page_bg_color":"","slide_template_v7":""},"product_brand":[],"product_cat":[63,56],"product_tag":[],"class_list":{"0":"post-1271","1":"product","2":"type-product","3":"status-publish","4":"has-post-thumbnail","6":"product_cat-cuidado-de-los-pies","7":"product_cat-ortopedia-de-adultos","9":"first","10":"instock","11":"shipping-taxable","12":"product-type-simple"},"_links":{"self":[{"href":"https:\/\/vamedicalca.com\/es\/wp-json\/wp\/v2\/product\/1271","targetHints":{"allow":["GET"]}}],"collection":[{"href":"https:\/\/vamedicalca.com\/es\/wp-json\/wp\/v2\/product"}],"about":[{"href":"https:\/\/vamedicalca.com\/es\/wp-json\/wp\/v2\/types\/product"}],"replies":[{"embeddable":true,"href":"https:\/\/vamedicalca.com\/es\/wp-json\/wp\/v2\/comments?post=1271"}],"version-history":[{"count":0,"href":"https:\/\/vamedicalca.com\/es\/wp-json\/wp\/v2\/product\/1271\/revisions"}],"wp:featuredmedia":[{"embeddable":true,"href":"https:\/\/vamedicalca.com\/es\/wp-json\/wp\/v2\/media\/960"}],"wp:attachment":[{"href":"https:\/\/vamedicalca.com\/es\/wp-json\/wp\/v2\/media?parent=1271"}],"wp:term":[{"taxonomy":"product_brand","embeddable":true,"href":"https:\/\/vamedicalca.com\/es\/wp-json\/wp\/v2\/product_brand?post=1271"},{"taxonomy":"product_cat","embeddable":true,"href":"https:\/\/vamedicalca.com\/es\/wp-json\/wp\/v2\/product_cat?post=1271"},{"taxonomy":"product_tag","embeddable":true,"href":"https:\/\/vamedicalca.com\/es\/wp-json\/wp\/v2\/product_tag?post=1271"}],"curies":[{"name":"wp","href":"https:\/\/api.w.org\/{rel}","templated":true}]}}