{"id":1270,"date":"2023-05-28T00:14:39","date_gmt":"2023-05-28T00:14:39","guid":{"rendered":"https:\/\/vamedicalca.com\/product\/talon-cussion-copa-par-fc-4005\/"},"modified":"2023-08-24T23:18:21","modified_gmt":"2023-08-24T23:18:21","slug":"heel-cussion-cup-pair-fc-4005","status":"publish","type":"product","link":"https:\/\/vamedicalca.com\/es\/producto\/heel-cussion-cup-pair-fc-4005\/","title":{"rendered":"TALONERA (PAR) FC-4005"},"content":{"rendered":"","protected":false},"excerpt":{"rendered":"<ul>\n<li style=\"font-weight: 400;\" aria-level=\"1\"><span style=\"font-weight: 400;\">Heel Cushion Silicone (Par) est\u00e1 dise\u00f1ado para proporcionar una suave amortiguaci\u00f3n al tal\u00f3n del pie. El punto de gel en la zona del calc\u00e1neo reduce\/distribuye la presi\u00f3n y alivia el dolor. <\/span><\/li>\n<li style=\"font-weight: 400;\" aria-level=\"1\"><span style=\"font-weight: 400;\">Estas extraordinarias plantillas de gel para el tal\u00f3n proporcionan un potente apoyo para el tal\u00f3n y el tobillo, reduciendo el dolor, la fatiga y la hinchaz\u00f3n. <\/span><\/li>\n<li style=\"font-weight: 400;\" aria-level=\"1\"><span style=\"font-weight: 400;\">Alivia el dolor de pies causado por espolones calc\u00e1neos, espolones \u00f3seos y fascitis plantar absorbiendo el impacto y reduciendo la tensi\u00f3n y el estr\u00e9s a cada paso. <\/span><\/li>\n<li style=\"font-weight: 400;\" aria-level=\"1\"><span style=\"font-weight: 400;\">El dise\u00f1o ergon\u00f3mico mejora el cumplimiento. El dise\u00f1o de malla mejora a\u00fan m\u00e1s la amortiguaci\u00f3n. <\/span><\/li>\n<li style=\"font-weight: 400;\" aria-level=\"1\"><span style=\"font-weight: 400;\">Su grosor \u00f3ptimo permite, por un lado, una amortiguaci\u00f3n eficaz y, por otro, una f\u00e1cil colocaci\u00f3n en el calzado.<\/span><\/li>\n<li style=\"font-weight: 400;\" aria-level=\"1\"><span style=\"font-weight: 400;\"> Estas c\u00f3modas taloneras de gel unisex se pueden llevar en la mayor\u00eda de estilos de calzado, incluidos zapatos deportivos, zapatos de vestir y botas, con o sin calcetines. <\/span><\/li>\n<li style=\"font-weight: 400;\" aria-level=\"1\"><span style=\"font-weight: 400;\">Las taloneras tambi\u00e9n pueden llevarse dentro de un calcet\u00edn si se desea.<\/span><\/li>\n<\/ul>\n<p>&nbsp;<\/p>\n<p><span style=\"font-weight: 400;\">Talla: S, M, L, XL.<\/span><\/p>\n","protected":false},"featured_media":18454,"comment_status":"open","ping_status":"closed","template":"","meta":{"rs_blank_template":"","rs_page_bg_color":"","slide_template_v7":""},"product_brand":[],"product_cat":[63,56],"product_tag":[],"class_list":{"0":"post-1270","1":"product","2":"type-product","3":"status-publish","4":"has-post-thumbnail","6":"product_cat-cuidado-de-los-pies","7":"product_cat-ortopedia-de-adultos","9":"first","10":"instock","11":"shipping-taxable","12":"product-type-simple"},"_links":{"self":[{"href":"https:\/\/vamedicalca.com\/es\/wp-json\/wp\/v2\/product\/1270","targetHints":{"allow":["GET"]}}],"collection":[{"href":"https:\/\/vamedicalca.com\/es\/wp-json\/wp\/v2\/product"}],"about":[{"href":"https:\/\/vamedicalca.com\/es\/wp-json\/wp\/v2\/types\/product"}],"replies":[{"embeddable":true,"href":"https:\/\/vamedicalca.com\/es\/wp-json\/wp\/v2\/comments?post=1270"}],"version-history":[{"count":0,"href":"https:\/\/vamedicalca.com\/es\/wp-json\/wp\/v2\/product\/1270\/revisions"}],"wp:featuredmedia":[{"embeddable":true,"href":"https:\/\/vamedicalca.com\/es\/wp-json\/wp\/v2\/media\/18454"}],"wp:attachment":[{"href":"https:\/\/vamedicalca.com\/es\/wp-json\/wp\/v2\/media?parent=1270"}],"wp:term":[{"taxonomy":"product_brand","embeddable":true,"href":"https:\/\/vamedicalca.com\/es\/wp-json\/wp\/v2\/product_brand?post=1270"},{"taxonomy":"product_cat","embeddable":true,"href":"https:\/\/vamedicalca.com\/es\/wp-json\/wp\/v2\/product_cat?post=1270"},{"taxonomy":"product_tag","embeddable":true,"href":"https:\/\/vamedicalca.com\/es\/wp-json\/wp\/v2\/product_tag?post=1270"}],"curies":[{"name":"wp","href":"https:\/\/api.w.org\/{rel}","templated":true}]}}