{"id":1269,"date":"2023-05-28T00:15:47","date_gmt":"2023-05-28T00:15:47","guid":{"rendered":"https:\/\/vamedicalca.com\/product\/separador-de-dedos-par-fc-4006\/"},"modified":"2023-05-28T00:15:47","modified_gmt":"2023-05-28T00:15:47","slug":"toe-separator-pair-fc-4006","status":"publish","type":"product","link":"https:\/\/vamedicalca.com\/es\/producto\/toe-separator-pair-fc-4006\/","title":{"rendered":"SEPARADOR DE DEDOS (PAR) FC-4006"},"content":{"rendered":"","protected":false},"excerpt":{"rendered":"<ul>\n<li>Est\u00e1 dise\u00f1ado anat\u00f3micamente para extender los dedos de los pies, absorber la presi\u00f3n y ayudar a su alineaci\u00f3n.<\/li>\n<li>La fricci\u00f3n entre dedos superpuestos y apretados puede causar molestias, irritaci\u00f3n y callosidades.<\/li>\n<li>El separador de dedos alinea el dedo gordo, alivia las molestias y el dolor asociados a los callos blandos o al roce de los dedos entre s\u00ed.<\/li>\n<\/ul>\n<p>&nbsp;<\/p>\n<p>Talla: S, M, L<\/p>\n","protected":false},"featured_media":966,"comment_status":"open","ping_status":"closed","template":"","meta":{"rs_blank_template":"","rs_page_bg_color":"","slide_template_v7":""},"product_brand":[],"product_cat":[63,56],"product_tag":[],"class_list":{"0":"post-1269","1":"product","2":"type-product","3":"status-publish","4":"has-post-thumbnail","6":"product_cat-cuidado-de-los-pies","7":"product_cat-ortopedia-de-adultos","9":"first","10":"instock","11":"shipping-taxable","12":"product-type-simple"},"_links":{"self":[{"href":"https:\/\/vamedicalca.com\/es\/wp-json\/wp\/v2\/product\/1269","targetHints":{"allow":["GET"]}}],"collection":[{"href":"https:\/\/vamedicalca.com\/es\/wp-json\/wp\/v2\/product"}],"about":[{"href":"https:\/\/vamedicalca.com\/es\/wp-json\/wp\/v2\/types\/product"}],"replies":[{"embeddable":true,"href":"https:\/\/vamedicalca.com\/es\/wp-json\/wp\/v2\/comments?post=1269"}],"version-history":[{"count":0,"href":"https:\/\/vamedicalca.com\/es\/wp-json\/wp\/v2\/product\/1269\/revisions"}],"wp:featuredmedia":[{"embeddable":true,"href":"https:\/\/vamedicalca.com\/es\/wp-json\/wp\/v2\/media\/966"}],"wp:attachment":[{"href":"https:\/\/vamedicalca.com\/es\/wp-json\/wp\/v2\/media?parent=1269"}],"wp:term":[{"taxonomy":"product_brand","embeddable":true,"href":"https:\/\/vamedicalca.com\/es\/wp-json\/wp\/v2\/product_brand?post=1269"},{"taxonomy":"product_cat","embeddable":true,"href":"https:\/\/vamedicalca.com\/es\/wp-json\/wp\/v2\/product_cat?post=1269"},{"taxonomy":"product_tag","embeddable":true,"href":"https:\/\/vamedicalca.com\/es\/wp-json\/wp\/v2\/product_tag?post=1269"}],"curies":[{"name":"wp","href":"https:\/\/api.w.org\/{rel}","templated":true}]}}