{"id":1268,"date":"2023-05-28T00:16:59","date_gmt":"2023-05-28T00:16:59","guid":{"rendered":"https:\/\/vamedicalca.com\/product\/almohadilla-metatarsal-1-par-fc-4007\/"},"modified":"2023-05-28T00:16:59","modified_gmt":"2023-05-28T00:16:59","slug":"metatarsal-pad-1-pair-fc-4007","status":"publish","type":"product","link":"https:\/\/vamedicalca.com\/es\/producto\/metatarsal-pad-1-pair-fc-4007\/","title":{"rendered":"ALMOHADILLA METATARSAL (1 PAR) FC-4007"},"content":{"rendered":"","protected":false},"excerpt":{"rendered":"<ul>\n<li>Facilitan la marcha al liberar los impactos cuando se llevan zapatos de tac\u00f3n.<\/li>\n<li>Proporciona descanso al caminar aliviando el dolor de pies y piernas.<\/li>\n<li>Ayudan a eliminar las callosidades de la planta del pie. Incorpora cavidades que impiden que se deslice dentro del zapato.<\/li>\n<li>Las propiedades de la silicona garantizan su larga durabilidad y resistencia a las grietas durante el tiempo de su uso y con la intensidad necesaria.<\/li>\n<li>Productos fabricados con silicona 100% pura, hipoalerg\u00e9nica y no t\u00f3xica.<\/li>\n<li>Se adaptan suavemente a los pies, garantizando la recuperaci\u00f3n y la amortiguaci\u00f3n en los puntos de carga y las zonas de presi\u00f3n.<\/li>\n<\/ul>\n<p>&nbsp;<\/p>\n<p>Talla: UNIVERSAL<\/p>\n","protected":false},"featured_media":969,"comment_status":"open","ping_status":"closed","template":"","meta":{"rs_blank_template":"","rs_page_bg_color":"","slide_template_v7":""},"product_brand":[],"product_cat":[63,56],"product_tag":[],"class_list":{"0":"post-1268","1":"product","2":"type-product","3":"status-publish","4":"has-post-thumbnail","6":"product_cat-cuidado-de-los-pies","7":"product_cat-ortopedia-de-adultos","9":"first","10":"instock","11":"shipping-taxable","12":"product-type-simple"},"_links":{"self":[{"href":"https:\/\/vamedicalca.com\/es\/wp-json\/wp\/v2\/product\/1268","targetHints":{"allow":["GET"]}}],"collection":[{"href":"https:\/\/vamedicalca.com\/es\/wp-json\/wp\/v2\/product"}],"about":[{"href":"https:\/\/vamedicalca.com\/es\/wp-json\/wp\/v2\/types\/product"}],"replies":[{"embeddable":true,"href":"https:\/\/vamedicalca.com\/es\/wp-json\/wp\/v2\/comments?post=1268"}],"version-history":[{"count":0,"href":"https:\/\/vamedicalca.com\/es\/wp-json\/wp\/v2\/product\/1268\/revisions"}],"wp:featuredmedia":[{"embeddable":true,"href":"https:\/\/vamedicalca.com\/es\/wp-json\/wp\/v2\/media\/969"}],"wp:attachment":[{"href":"https:\/\/vamedicalca.com\/es\/wp-json\/wp\/v2\/media?parent=1268"}],"wp:term":[{"taxonomy":"product_brand","embeddable":true,"href":"https:\/\/vamedicalca.com\/es\/wp-json\/wp\/v2\/product_brand?post=1268"},{"taxonomy":"product_cat","embeddable":true,"href":"https:\/\/vamedicalca.com\/es\/wp-json\/wp\/v2\/product_cat?post=1268"},{"taxonomy":"product_tag","embeddable":true,"href":"https:\/\/vamedicalca.com\/es\/wp-json\/wp\/v2\/product_tag?post=1268"}],"curies":[{"name":"wp","href":"https:\/\/api.w.org\/{rel}","templated":true}]}}