{"id":1266,"date":"2023-05-28T00:20:17","date_gmt":"2023-05-28T00:20:17","guid":{"rendered":"https:\/\/vamedicalca.com\/product\/ferula-para-juanetes-fc-4010\/"},"modified":"2023-07-25T23:22:22","modified_gmt":"2023-07-25T23:22:22","slug":"bunion-splint-fc-4010","status":"publish","type":"product","link":"https:\/\/vamedicalca.com\/es\/producto\/bunion-splint-fc-4010\/","title":{"rendered":"F\u00c9RULA PARA JUANETES FC-4010"},"content":{"rendered":"","protected":false},"excerpt":{"rendered":"<ul>\n<li>La f\u00e9rula para juanetes est\u00e1 dise\u00f1ada para corregir la deformidad hallux abductor valgus del dedo gordo.<\/li>\n<li>El dispositivo tambi\u00e9n puede utilizarse como ayuda postoperatoria tras la cirug\u00eda de juanetes para estabilizar la alineaci\u00f3n corregida.<\/li>\n<li>La acci\u00f3n din\u00e1mica de la bisagra mantiene el pie flexible.<\/li>\n<li>El uso del dispositivo reduce el tiempo de rehabilitaci\u00f3n.<\/li>\n<li>Si se lesiona el dedo del pie, le ayudar\u00e1 a volver a la posici\u00f3n original.<\/li>\n<li>La f\u00e9rula tiene una bisagra m\u00f3vil que proporciona rigidez y facilidad de movimiento.<\/li>\n<li>Apoya la bola del pie y el arco del pie.<\/li>\n<li>Est\u00e1 fabricado con goma de neopreno que proporciona suavidad y retiene el calor corporal, lo que ayuda a una mayor recuperaci\u00f3n.<\/li>\n<li>Es c\u00f3modo de llevar durante m\u00e1s tiempo y proporciona un soporte r\u00edgido. Es la mejor f\u00e9rula para juanetes.<\/li>\n<\/ul>\n<p>&nbsp;<\/p>\n<p>Talla: UNIVERSAL<\/p>\n","protected":false},"featured_media":975,"comment_status":"open","ping_status":"closed","template":"","meta":{"rs_blank_template":"","rs_page_bg_color":"","slide_template_v7":""},"product_brand":[],"product_cat":[63,56],"product_tag":[],"class_list":{"0":"post-1266","1":"product","2":"type-product","3":"status-publish","4":"has-post-thumbnail","6":"product_cat-cuidado-de-los-pies","7":"product_cat-ortopedia-de-adultos","9":"first","10":"instock","11":"shipping-taxable","12":"product-type-simple"},"_links":{"self":[{"href":"https:\/\/vamedicalca.com\/es\/wp-json\/wp\/v2\/product\/1266","targetHints":{"allow":["GET"]}}],"collection":[{"href":"https:\/\/vamedicalca.com\/es\/wp-json\/wp\/v2\/product"}],"about":[{"href":"https:\/\/vamedicalca.com\/es\/wp-json\/wp\/v2\/types\/product"}],"replies":[{"embeddable":true,"href":"https:\/\/vamedicalca.com\/es\/wp-json\/wp\/v2\/comments?post=1266"}],"version-history":[{"count":0,"href":"https:\/\/vamedicalca.com\/es\/wp-json\/wp\/v2\/product\/1266\/revisions"}],"wp:featuredmedia":[{"embeddable":true,"href":"https:\/\/vamedicalca.com\/es\/wp-json\/wp\/v2\/media\/975"}],"wp:attachment":[{"href":"https:\/\/vamedicalca.com\/es\/wp-json\/wp\/v2\/media?parent=1266"}],"wp:term":[{"taxonomy":"product_brand","embeddable":true,"href":"https:\/\/vamedicalca.com\/es\/wp-json\/wp\/v2\/product_brand?post=1266"},{"taxonomy":"product_cat","embeddable":true,"href":"https:\/\/vamedicalca.com\/es\/wp-json\/wp\/v2\/product_cat?post=1266"},{"taxonomy":"product_tag","embeddable":true,"href":"https:\/\/vamedicalca.com\/es\/wp-json\/wp\/v2\/product_tag?post=1266"}],"curies":[{"name":"wp","href":"https:\/\/api.w.org\/{rel}","templated":true}]}}