{"id":17133,"date":"2023-07-01T16:39:29","date_gmt":"2023-07-01T16:39:29","guid":{"rendered":"https:\/\/vamedicalca.com\/sobre-nosotros-1\/"},"modified":"2023-09-13T00:15:33","modified_gmt":"2023-09-13T00:15:33","slug":"sobre-nosotros-1","status":"publish","type":"page","link":"https:\/\/vamedicalca.com\/es\/sobre-nosotros-1\/","title":{"rendered":"Nosotros"},"content":{"rendered":"\t\t<div data-elementor-type=\"wp-page\" data-elementor-id=\"17133\" class=\"elementor elementor-17133 elementor-16982\" data-elementor-post-type=\"page\">\n\t\t\t\t\t\t<section class=\"wd-negative-gap elementor-section elementor-top-section elementor-element elementor-element-8c72645 wd-section-stretch elementor-section-boxed elementor-section-height-default elementor-section-height-default\" data-id=\"8c72645\" data-element_type=\"section\" data-e-type=\"section\" data-settings=\"{&quot;background_background&quot;:&quot;classic&quot;}\">\n\t\t\t\t\t\t<div class=\"elementor-container elementor-column-gap-default\">\n\t\t\t\t\t<div class=\"elementor-column elementor-col-50 elementor-top-column elementor-element elementor-element-0ea6941\" data-id=\"0ea6941\" data-element_type=\"column\" data-e-type=\"column\">\n\t\t\t<div class=\"elementor-widget-wrap elementor-element-populated\">\n\t\t\t\t\t\t<div class=\"elementor-element elementor-element-f30aece wd-width-100 elementor-widget elementor-widget-wd_title\" data-id=\"f30aece\" data-element_type=\"widget\" data-e-type=\"widget\" data-widget_type=\"wd_title.default\">\n\t\t\t\t<div class=\"elementor-widget-container\">\n\t\t\t\t\t\t\t<div class=\"title-wrapper wd-set-mb reset-last-child wd-title-color-primary wd-title-style-default wd-title-size-large text-left\">\n\n\t\t\t\n\t\t\t<div class=\"liner-continer\">\n\t\t\t\t<h4 class=\"woodmart-title-container title wd-fontsize-xxl\">SOBRE NOSOTROS<\/h4> \n\t\t\t\t\t\t\t<\/div>\n\n\t\t\t\t\t<\/div>\n\t\t\t\t\t\t<\/div>\n\t\t\t\t<\/div>\n\t\t\t\t<div class=\"elementor-element elementor-element-cc8d106 elementor-widget elementor-widget-wd_text_block\" data-id=\"cc8d106\" data-element_type=\"widget\" data-e-type=\"widget\" data-widget_type=\"wd_text_block.default\">\n\t\t\t\t<div class=\"elementor-widget-container\">\n\t\t\t\t\t\t\t<div class=\"wd-text-block reset-last-child text-left\">\n\t\t\t\n\t\t\t<p><span style=\"font-weight: 400;\">Nuestra andadura comenz\u00f3 hace diez a\u00f1os con la firme intenci\u00f3n y el deseo de llegar a socios con ideas afines y a profesionales de la salud para ofrecerles productos sanitarios de uso dom\u00e9stico y cl\u00ednico. Nos centramos en la gama completa de ortopedia, soportes de movilidad, incontinencia en adultos, compresas de maternidad, productos m\u00e9dicos desechables y mucho m\u00e1s, cuya calidad est\u00e1 certificada y aprobada por organismos reconocidos mundialmente. Nuestro objetivo es fabricar o asociarnos con fabricantes que puedan producir los productos que deseamos a precios asequibles para nuestros socios y clientes, y revenderlos con garant\u00eda de satisfacci\u00f3n. Nos aseguramos de que nuestra historia de \u00e9xito incluya a los distribuidores y minoristas adecuados, y nos enorgullece decir ahora que tenemos algunos socios incre\u00edbles que han pasado a formar parte de la familia global de VA.<\/span><\/p>\n\t\t\t\t\t<\/div>\n\t\t\t\t\t\t<\/div>\n\t\t\t\t<\/div>\n\t\t\t\t\t<\/div>\n\t\t<\/div>\n\t\t\t\t<div class=\"elementor-column elementor-col-25 elementor-top-column elementor-element elementor-element-7cdfd68 elementor-hidden-mobile\" data-id=\"7cdfd68\" data-element_type=\"column\" data-e-type=\"column\">\n\t\t\t<div class=\"elementor-widget-wrap elementor-element-populated\">\n\t\t\t\t\t\t<div class=\"elementor-element elementor-element-22ef732 elementor-widget elementor-widget-wd_image_or_svg\" data-id=\"22ef732\" data-element_type=\"widget\" data-e-type=\"widget\" data-widget_type=\"wd_image_or_svg.default\">\n\t\t\t\t<div class=\"elementor-widget-container\">\n\t\t\t\t\t\n\t\t<div class=\"wd-image text-left\">\n\t\t\t\t\t\t\t\t\t\t\t\t\t<\/div>\n\n\t\t\t\t\t\t<\/div>\n\t\t\t\t<\/div>\n\t\t\t\t<div class=\"elementor-element elementor-element-536d901 elementor-widget elementor-widget-wd_image_or_svg\" data-id=\"536d901\" data-element_type=\"widget\" data-e-type=\"widget\" data-widget_type=\"wd_image_or_svg.default\">\n\t\t\t\t<div class=\"elementor-widget-container\">\n\t\t\t\t\t\n\t\t<div class=\"wd-image text-left\">\n\t\t\t\t\t\t\t\t<img loading=\"lazy\" decoding=\"async\" width=\"398\" height=\"420\" src=\"https:\/\/vamedicalca.com\/wp-content\/uploads\/2023\/07\/Diseno-sin-titulo-4.png\" class=\"attachment-full size-full\" alt=\"\" srcset=\"https:\/\/vamedicalca.com\/wp-content\/uploads\/2023\/07\/Diseno-sin-titulo-4.png 398w, https:\/\/vamedicalca.com\/wp-content\/uploads\/2023\/07\/Diseno-sin-titulo-4-284x300.png 284w, https:\/\/vamedicalca.com\/wp-content\/uploads\/2023\/07\/Diseno-sin-titulo-4-150x158.png 150w\" sizes=\"auto, (max-width: 398px) 100vw, 398px\" \/>\t\t\t\t\t<\/div>\n\n\t\t\t\t\t\t<\/div>\n\t\t\t\t<\/div>\n\t\t\t\t\t<\/div>\n\t\t<\/div>\n\t\t\t\t<div class=\"elementor-column elementor-col-25 elementor-top-column elementor-element elementor-element-64c2242\" data-id=\"64c2242\" data-element_type=\"column\" data-e-type=\"column\">\n\t\t\t<div class=\"elementor-widget-wrap elementor-element-populated\">\n\t\t\t\t\t\t<section class=\"wd-negative-gap elementor-section elementor-inner-section elementor-element elementor-element-e542b1a elementor-section-boxed elementor-section-height-default elementor-section-height-default\" data-id=\"e542b1a\" data-element_type=\"section\" data-e-type=\"section\" data-settings=\"{&quot;background_background&quot;:&quot;classic&quot;}\">\n\t\t\t\t\t\t<div class=\"elementor-container elementor-column-gap-default\">\n\t\t\t\t\t<div class=\"elementor-column elementor-col-100 elementor-inner-column elementor-element elementor-element-212f3f4\" data-id=\"212f3f4\" data-element_type=\"column\" data-e-type=\"column\">\n\t\t\t<div class=\"elementor-widget-wrap elementor-element-populated\">\n\t\t\t\t\t\t<div class=\"elementor-element elementor-element-2c7109d elementor-widget elementor-widget-wd_image_or_svg\" data-id=\"2c7109d\" data-element_type=\"widget\" data-e-type=\"widget\" data-widget_type=\"wd_image_or_svg.default\">\n\t\t\t\t<div class=\"elementor-widget-container\">\n\t\t\t\t\t\n\t\t<div class=\"wd-image text-left\">\n\t\t\t\t\t\t\t\t<img loading=\"lazy\" decoding=\"async\" width=\"1100\" height=\"1100\" src=\"https:\/\/vamedicalca.com\/wp-content\/uploads\/2023\/05\/CLAVICLE_BRACE.png\" class=\"attachment-full size-full\" alt=\"\" srcset=\"https:\/\/vamedicalca.com\/wp-content\/uploads\/2023\/05\/CLAVICLE_BRACE.png 1100w, https:\/\/vamedicalca.com\/wp-content\/uploads\/2023\/05\/CLAVICLE_BRACE-300x300.png 300w, https:\/\/vamedicalca.com\/wp-content\/uploads\/2023\/05\/CLAVICLE_BRACE-600x600.png 600w, https:\/\/vamedicalca.com\/wp-content\/uploads\/2023\/05\/CLAVICLE_BRACE-1024x1024.png 1024w, https:\/\/vamedicalca.com\/wp-content\/uploads\/2023\/05\/CLAVICLE_BRACE-150x150.png 150w, https:\/\/vamedicalca.com\/wp-content\/uploads\/2023\/05\/CLAVICLE_BRACE-768x768.png 768w\" sizes=\"auto, (max-width: 1100px) 100vw, 1100px\" \/>\t\t\t\t\t<\/div>\n\n\t\t\t\t\t\t<\/div>\n\t\t\t\t<\/div>\n\t\t\t\t\t<\/div>\n\t\t<\/div>\n\t\t\t\t\t<\/div>\n\t\t<\/section>\n\t\t\t\t<div class=\"elementor-element elementor-element-b83b936 elementor-widget elementor-widget-wd_image_or_svg\" data-id=\"b83b936\" data-element_type=\"widget\" data-e-type=\"widget\" data-widget_type=\"wd_image_or_svg.default\">\n\t\t\t\t<div class=\"elementor-widget-container\">\n\t\t\t\t\t\n\t\t<div class=\"wd-image text-left\">\n\t\t\t\t\t\t\t\t<img loading=\"lazy\" decoding=\"async\" width=\"4898\" height=\"2379\" src=\"https:\/\/vamedicalca.com\/wp-content\/uploads\/2023\/05\/VA-Medical-Logo-01.png\" class=\"attachment-full size-full\" alt=\"\" srcset=\"https:\/\/vamedicalca.com\/wp-content\/uploads\/2023\/05\/VA-Medical-Logo-01.png 4898w, https:\/\/vamedicalca.com\/wp-content\/uploads\/2023\/05\/VA-Medical-Logo-01-600x291.png 600w, https:\/\/vamedicalca.com\/wp-content\/uploads\/2023\/05\/VA-Medical-Logo-01-400x194.png 400w, https:\/\/vamedicalca.com\/wp-content\/uploads\/2023\/05\/VA-Medical-Logo-01-1300x631.png 1300w, https:\/\/vamedicalca.com\/wp-content\/uploads\/2023\/05\/VA-Medical-Logo-01-768x373.png 768w\" sizes=\"auto, (max-width: 4898px) 100vw, 4898px\" \/>\t\t\t\t\t<\/div>\n\n\t\t\t\t\t\t<\/div>\n\t\t\t\t<\/div>\n\t\t\t\t\t<\/div>\n\t\t<\/div>\n\t\t\t\t\t<\/div>\n\t\t<\/section>\n\t\t\t\t<section class=\"wd-negative-gap elementor-section elementor-top-section elementor-element elementor-element-7aca36b elementor-section-boxed elementor-section-height-default elementor-section-height-default\" data-id=\"7aca36b\" data-element_type=\"section\" data-e-type=\"section\" data-settings=\"{&quot;background_background&quot;:&quot;classic&quot;}\">\n\t\t\t\t\t\t\t<div class=\"elementor-background-overlay\"><\/div>\n\t\t\t\t\t\t\t<div class=\"elementor-container elementor-column-gap-default\">\n\t\t\t\t\t<div class=\"elementor-column elementor-col-100 elementor-top-column elementor-element elementor-element-691c7e5\" data-id=\"691c7e5\" data-element_type=\"column\" data-e-type=\"column\">\n\t\t\t<div class=\"elementor-widget-wrap elementor-element-populated\">\n\t\t\t\t\t\t<section class=\"wd-negative-gap elementor-section elementor-inner-section elementor-element elementor-element-1d5ff41 elementor-section-boxed elementor-section-height-default elementor-section-height-default\" data-id=\"1d5ff41\" data-element_type=\"section\" data-e-type=\"section\">\n\t\t\t\t\t\t<div class=\"elementor-container elementor-column-gap-default\">\n\t\t\t\t\t<div class=\"elementor-column elementor-col-50 elementor-inner-column elementor-element elementor-element-38fd769\" data-id=\"38fd769\" data-element_type=\"column\" data-e-type=\"column\">\n\t\t\t<div class=\"elementor-widget-wrap elementor-element-populated\">\n\t\t\t\t\t\t<div class=\"elementor-element elementor-element-fb95dbb elementor-widget elementor-widget-wd_image_hotspot\" data-id=\"fb95dbb\" data-element_type=\"widget\" data-e-type=\"widget\" data-widget_type=\"wd_image_hotspot.default\">\n\t\t\t\t<div class=\"elementor-widget-container\">\n\t\t\t\t\t\t\t<div class=\"wd-spots wd-event-hover hotspot-icon-default color-scheme- wd-hotspot-static\">\n\t\t\t<div class=\"wd-image-hotspot-hotspots\">\n\t\t\t\t\t\t\t\t\t<img loading=\"lazy\" decoding=\"async\" width=\"1024\" height=\"684\" src=\"https:\/\/vamedicalca.com\/wp-content\/uploads\/2023\/07\/Diseno-sin-titulo-1-1024x684.png\" class=\"wd-image-hotspot-img\" alt=\"\" srcset=\"https:\/\/vamedicalca.com\/wp-content\/uploads\/2023\/07\/Diseno-sin-titulo-1-1024x684.png 1024w, https:\/\/vamedicalca.com\/wp-content\/uploads\/2023\/07\/Diseno-sin-titulo-1-600x401.png 600w, https:\/\/vamedicalca.com\/wp-content\/uploads\/2023\/07\/Diseno-sin-titulo-1-300x200.png 300w, https:\/\/vamedicalca.com\/wp-content\/uploads\/2023\/07\/Diseno-sin-titulo-1-768x513.png 768w, https:\/\/vamedicalca.com\/wp-content\/uploads\/2023\/07\/Diseno-sin-titulo-1-1536x1025.png 1536w, https:\/\/vamedicalca.com\/wp-content\/uploads\/2023\/07\/Diseno-sin-titulo-1.png 2000w\" sizes=\"auto, (max-width: 1024px) 100vw, 1024px\" \/>\t\t\t\t\n\t\t\t\t\t\t\t\t\t\t\t\t\t\t<div class=\"wd-image-hotspot hotspot-type-text elementor-repeater-item-4b8ba24\">\n\t\t\t\t\t\t<span class=\"hotspot-sonar\"><\/span>\n\t\t\t\t\t\t<div class=\"hotspot-btn wd-role-btn wd-fill\" tabindex=\"0\"><\/div>\n\n\t\t\t\t\t\t\t\t\t\t\t\t\t<div class=\"hotspot-text hotspot-content hotspot-dropdown-left\">\n\t\t\t\t\t\t\t\t<div class=\"hotspot-content-image\">\n\t\t\t\t\t\t\t\t\t\t\t\t\t\t\t\t\t<\/div>\n\t\t\t\t\t\t\t\t\n\t\t\t\t\t\t\t\t<h4 class=\"wd-entities-title\">\n\t\t\t\t\t\t\t\t\tToronto, Ontario, Canad\u00e1\t\t\t\t\t\t\t\t<\/h4>\n\t\t\t\t\t\t\t\t\n\t\t\t\t\t\t\t\t<div class=\"hotspot-content-text reset-last-child\">\n\t\t\t\t\t\t\t\t\tNos estamos orientando hacia una gama completa de SERVICIOS SANITARIOS A DOMICILIO en la que nuestros clientes pueden encontrar, si no todas, la mayor\u00eda de sus necesidades a precios asequibles.\t\t\t\t\t\t\t\t<\/div>\n\n\t\t\t\t\t\t\t\t\t\t\t\t\t\t\t\t\t<a class=\"btn btn-accent\"  href=\"https:\/\/vamedicalca.com\/es\/contacto-con-nosotros\/\">\n\t\t\t\t\t\t\t\t\t\tContacte con\t\t\t\t\t\t\t\t\t<\/a>\n\t\t\t\t\t\t\t\t\t\t\t\t\t\t\t<\/div>\n\t\t\t\t\t\t\t\t\t\t\t<\/div>\n\t\t\t\t\t\t\t<\/div>\n\t\t<\/div>\n\t\t\t\t\t\t<\/div>\n\t\t\t\t<\/div>\n\t\t\t\t\t<\/div>\n\t\t<\/div>\n\t\t\t\t<div class=\"elementor-column elementor-col-50 elementor-inner-column elementor-element elementor-element-5270912\" data-id=\"5270912\" data-element_type=\"column\" data-e-type=\"column\">\n\t\t\t<div class=\"elementor-widget-wrap elementor-element-populated\">\n\t\t\t\t\t\t<div class=\"elementor-element elementor-element-bb2dc42 elementor-widget elementor-widget-wd_text_block\" data-id=\"bb2dc42\" data-element_type=\"widget\" data-e-type=\"widget\" data-widget_type=\"wd_text_block.default\">\n\t\t\t\t<div class=\"elementor-widget-container\">\n\t\t\t\t\t\t\t<div class=\"wd-text-block reset-last-child text-left\">\n\t\t\t\n\t\t\t<p><span style=\"color: #ffffff;\"><span style=\"font-weight: 400;\">Nuestra sede se encuentra en <\/span><b>TORONTO, ONTARIO Canad\u00e1<\/b><span style=\"font-weight: 400;\"> con un espacio de almac\u00e9n accesible de <\/span><b>50.000 pies cuadrados para servir a nuestras necesidades log\u00edsticas para la importaci\u00f3n, exportaci\u00f3n y distribuci\u00f3n en 18 pa\u00edses y m\u00e1s para agregar en los pr\u00f3ximos a\u00f1os<\/b><span style=\"font-weight: 400;\">. El dep\u00f3sito aduanero nos proporciona un movimiento libre y menos restrictivo de nuestras mercanc\u00edas comercializadas a los usuarios finales.  <\/span><\/span><\/p><p><span style=\"color: #ffffff;\"><span style=\"font-weight: 400;\">Tenemos <\/span><b>licencia m\u00e9dica MDEL de Health Canada<\/b><span style=\"font-weight: 400;\"> para importar y distribuir diversos dispositivos y componentes m\u00e9dicos, y seguimos registrando nuevos productos con la ayuda de nuestros socios fabricantes de todo el mundo. <\/span> <\/span><\/p><p><span style=\"color: #ffffff;\"><span style=\"font-weight: 400;\">Llevamos el inventario de 1000 y m\u00e1s diferentes tipos de SKU en el cuidado de la salud para servir a los profesionales en las cl\u00ednicas y el \u00e1rea de atenci\u00f3n m\u00e9dica a domicilio y ortopedia. Nos estamos orientando hacia una gama completa de SERVICIOS SANITARIOS A DOMICILIO en la que nuestros clientes pueden encontrar, si no todas, la mayor\u00eda de sus necesidades a precios asequibles. <\/span><b>Nuestros productos de calidad aprobada proceden de pa\u00edses <\/b><span style=\"font-weight: 400;\">que cumplen los requisitos de conformidad y licencia del pa\u00eds.<\/span><\/span><\/p>\n\t\t\t\t\t<\/div>\n\t\t\t\t\t\t<\/div>\n\t\t\t\t<\/div>\n\t\t\t\t\t<\/div>\n\t\t<\/div>\n\t\t\t\t\t<\/div>\n\t\t<\/section>\n\t\t\t\t\t<\/div>\n\t\t<\/div>\n\t\t\t\t\t<\/div>\n\t\t<\/section>\n\t\t\t\t<section class=\"wd-negative-gap elementor-section elementor-top-section elementor-element elementor-element-c149100 elementor-section-boxed elementor-section-height-default elementor-section-height-default\" data-id=\"c149100\" data-element_type=\"section\" data-e-type=\"section\">\n\t\t\t\t\t\t<div class=\"elementor-container elementor-column-gap-default\">\n\t\t\t\t\t<div class=\"elementor-column elementor-col-50 elementor-top-column elementor-element elementor-element-2854db2\" data-id=\"2854db2\" data-element_type=\"column\" data-e-type=\"column\">\n\t\t\t<div class=\"elementor-widget-wrap elementor-element-populated\">\n\t\t\t\t\t\t<div class=\"elementor-element elementor-element-c760ee5 elementor-widget elementor-widget-wd_text_block\" data-id=\"c760ee5\" data-element_type=\"widget\" data-e-type=\"widget\" data-widget_type=\"wd_text_block.default\">\n\t\t\t\t<div class=\"elementor-widget-container\">\n\t\t\t\t\t\t\t<div class=\"wd-text-block reset-last-child text-left\">\n\t\t\t\n\t\t\t<p><span style=\"font-weight: 400;\"> <\/span><span style=\"font-weight: 400;\">Nuestros directores y equipo de apoyo de gesti\u00f3n y asistente tienen experiencia de m\u00e1s de veinte a\u00f1os, as\u00ed como capacitados y equipados para manejar los desaf\u00edos y servir a nuestros clientes de negocios con actitud profesional y conocimiento.  <\/span><\/p><p><b>Nos sentimos muy honrados por el aprecio y el apoyo que nos han mostrado todos nuestros clientes actuales y esperamos tener perspectivas m\u00e1s brillantes e identificar m\u00e1s socios de red para seguir dando forma a nuestra exitosa relaci\u00f3n comercial a largo plazo. Estamos muy agradecidos a todos y cada uno de los GOBIERNOS, ONG y SOCIOS COMERCIALES de todos los \u00e1mbitos de la sanidad y el mercado de consumo que han estado con nosotros desde el primer d\u00eda.<\/b><\/p>\n\t\t\t\t\t<\/div>\n\t\t\t\t\t\t<\/div>\n\t\t\t\t<\/div>\n\t\t\t\t\t<\/div>\n\t\t<\/div>\n\t\t\t\t<div class=\"elementor-column elementor-col-50 elementor-top-column elementor-element elementor-element-da24314\" data-id=\"da24314\" data-element_type=\"column\" data-e-type=\"column\">\n\t\t\t<div class=\"elementor-widget-wrap elementor-element-populated\">\n\t\t\t\t\t\t<div class=\"elementor-element elementor-element-903042d elementor-widget elementor-widget-wd_image_or_svg\" data-id=\"903042d\" data-element_type=\"widget\" data-e-type=\"widget\" data-widget_type=\"wd_image_or_svg.default\">\n\t\t\t\t<div class=\"elementor-widget-container\">\n\t\t\t\t\t\n\t\t<div class=\"wd-image text-left\">\n\t\t\t\t\t\t\t\t<img loading=\"lazy\" decoding=\"async\" width=\"2000\" height=\"668\" src=\"https:\/\/vamedicalca.com\/wp-content\/uploads\/2023\/07\/Diseno-sin-titulo-13.png\" class=\"attachment-full size-full\" alt=\"\" srcset=\"https:\/\/vamedicalca.com\/wp-content\/uploads\/2023\/07\/Diseno-sin-titulo-13.png 2000w, https:\/\/vamedicalca.com\/wp-content\/uploads\/2023\/07\/Diseno-sin-titulo-13-600x200.png 600w, https:\/\/vamedicalca.com\/wp-content\/uploads\/2023\/07\/Diseno-sin-titulo-13-300x100.png 300w, https:\/\/vamedicalca.com\/wp-content\/uploads\/2023\/07\/Diseno-sin-titulo-13-1024x342.png 1024w, https:\/\/vamedicalca.com\/wp-content\/uploads\/2023\/07\/Diseno-sin-titulo-13-768x257.png 768w, https:\/\/vamedicalca.com\/wp-content\/uploads\/2023\/07\/Diseno-sin-titulo-13-1536x513.png 1536w\" sizes=\"auto, (max-width: 2000px) 100vw, 2000px\" \/>\t\t\t\t\t<\/div>\n\n\t\t\t\t\t\t<\/div>\n\t\t\t\t<\/div>\n\t\t\t\t\t<\/div>\n\t\t<\/div>\n\t\t\t\t\t<\/div>\n\t\t<\/section>\n\t\t\t\t<section class=\"wd-negative-gap elementor-section elementor-top-section elementor-element elementor-element-78d1fd2 elementor-section-content-middle wd-section-stretch elementor-section-boxed elementor-section-height-default elementor-section-height-default\" data-id=\"78d1fd2\" data-element_type=\"section\" data-e-type=\"section\" data-settings=\"{&quot;background_background&quot;:&quot;classic&quot;}\">\n\t\t\t\t\t\t\t<div class=\"elementor-background-overlay\"><\/div>\n\t\t\t\t\t\t\t<div class=\"elementor-container elementor-column-gap-default\">\n\t\t\t\t\t<div class=\"elementor-column elementor-col-50 elementor-top-column elementor-element elementor-element-6fe3026 color-scheme-light\" data-id=\"6fe3026\" data-element_type=\"column\" data-e-type=\"column\">\n\t\t\t<div class=\"elementor-widget-wrap elementor-element-populated\">\n\t\t\t\t\t\t<div class=\"elementor-element elementor-element-0265c82 wd-width-100 elementor-widget elementor-widget-wd_title\" data-id=\"0265c82\" data-element_type=\"widget\" data-e-type=\"widget\" data-widget_type=\"wd_title.default\">\n\t\t\t\t<div class=\"elementor-widget-container\">\n\t\t\t\t\t\t\t<div class=\"title-wrapper wd-set-mb reset-last-child wd-title-color-primary wd-title-style-default wd-title-size-large text-left\">\n\n\t\t\t\t\t\t\t\t\t\t\t<div class=\"title-subtitle subtitle-color-primary subtitle-style-default wd-fontsize-xs\">\n\t\t\t\t\tGama completa de ASISTENCIA SANITARIA A DOMICILIO\t\t\t\t<\/div>\n\t\t\t\n\t\t\t<div class=\"liner-continer\">\n\t\t\t\t<h4 class=\"woodmart-title-container title wd-fontsize-xxl\">Trabajamos todos los aspectos de la planificaci\u00f3n<\/h4> \n\t\t\t\t\t\t\t<\/div>\n\n\t\t\t\t\t<\/div>\n\t\t\t\t\t\t<\/div>\n\t\t\t\t<\/div>\n\t\t\t\t<div class=\"elementor-element elementor-element-2798129 elementor-widget elementor-widget-wd_button\" data-id=\"2798129\" data-element_type=\"widget\" data-e-type=\"widget\" data-widget_type=\"wd_button.default\">\n\t\t\t\t<div class=\"elementor-widget-container\">\n\t\t\t\t\t\t\t<div class=\"wd-button-wrapper text-left\" >\n\t\t\t<a class=\"btn btn-style-link btn-shape- btn-size-default btn-color-white btn-icon-pos-right\"  href=\"https:\/\/vamedicalca.com\/shop\/\">\n\t\t\t\t<span class=\"wd-btn-text\" data-elementor-setting-key=\"text\">\n\t\t\t\t\tLO HACEMOS PARA USTED CON AMOR\t\t\t\t<\/span>\n\n\t\t\t\t\t\t\t<\/a>\n\t\t<\/div>\n\t\t\t\t\t\t<\/div>\n\t\t\t\t<\/div>\n\t\t\t\t\t<\/div>\n\t\t<\/div>\n\t\t\t\t<div class=\"elementor-column elementor-col-50 elementor-top-column elementor-element elementor-element-636f0a8\" data-id=\"636f0a8\" data-element_type=\"column\" data-e-type=\"column\">\n\t\t\t<div class=\"elementor-widget-wrap\">\n\t\t\t\t\t\t\t<\/div>\n\t\t<\/div>\n\t\t\t\t\t<\/div>\n\t\t<\/section>\n\t\t\t\t<section class=\"wd-negative-gap elementor-section elementor-top-section elementor-element elementor-element-fe24496 elementor-section-boxed elementor-section-height-default elementor-section-height-default\" data-id=\"fe24496\" data-element_type=\"section\" data-e-type=\"section\">\n\t\t\t\t\t\t<div class=\"elementor-container elementor-column-gap-default\">\n\t\t\t\t\t<div class=\"elementor-column elementor-col-50 elementor-top-column elementor-element elementor-element-3eadaec\" data-id=\"3eadaec\" data-element_type=\"column\" data-e-type=\"column\">\n\t\t\t<div class=\"elementor-widget-wrap elementor-element-populated\">\n\t\t\t\t\t\t<div class=\"elementor-element elementor-element-0388439 wd-width-100 elementor-widget elementor-widget-wd_title\" data-id=\"0388439\" data-element_type=\"widget\" data-e-type=\"widget\" data-widget_type=\"wd_title.default\">\n\t\t\t\t<div class=\"elementor-widget-container\">\n\t\t\t\t\t\t\t<div class=\"title-wrapper wd-set-mb reset-last-child wd-title-color-primary wd-title-style-default wd-title-size-large text-left\">\n\n\t\t\t\t\t\t\t\t\t\t\t<div class=\"title-subtitle subtitle-color-primary subtitle-style-default wd-fontsize-xs\">\n\t\t\t\t\tGama completa de asistencia sanitaria a domicilio\t\t\t\t<\/div>\n\t\t\t\n\t\t\t<div class=\"liner-continer\">\n\t\t\t\t<h4 class=\"woodmart-title-container title wd-fontsize-xxl\">\u00bfPor qu\u00e9 nosotros?<\/h4> \n\t\t\t\t\t\t\t<\/div>\n\n\t\t\t\t\t<\/div>\n\t\t\t\t\t\t<\/div>\n\t\t\t\t<\/div>\n\t\t\t\t<div class=\"elementor-element elementor-element-3480cfe elementor-widget elementor-widget-wd_text_block\" data-id=\"3480cfe\" data-element_type=\"widget\" data-e-type=\"widget\" data-widget_type=\"wd_text_block.default\">\n\t\t\t\t<div class=\"elementor-widget-container\">\n\t\t\t\t\t\t\t<div class=\"wd-text-block reset-last-child text-left\">\n\t\t\t\n\t\t\t<p><span style=\"font-weight: 400;\">Los directores y el equipo de VA Medical siempre han cre\u00eddo que el sello distintivo de cualquier empresa es la honestidad y la integridad de la organizaci\u00f3n y de las personas que trabajan en ella. Nuestro equipo directivo y los proveedores y socios seleccionados trabajan con el mismo lema y objetivo: si somos capaces de satisfacer las expectativas de nuestros clientes, conseguiremos m\u00e1s negocio y crecimiento. En manos del cliente est\u00e1 nuestro gr\u00e1fico. Si prestamos un buen servicio y cumplimos las expectativas del cliente, nuestra empresa alcanzar\u00e1 cotas m\u00e1s altas. Todas las empresas se proponen obtener beneficios, y nosotros hicimos lo mismo, pero con el gran a\u00f1adido de que ese nunca debe ser el \u00fanico motivo para estar en el negocio. Nuestro enfoque de servicio dice mucho de qui\u00e9nes somos y a qu\u00e9 nos dedicamos. En \u00faltima instancia, la profunda pasi\u00f3n y la satisfacci\u00f3n de marcar la diferencia, a peque\u00f1a o gran escala, en la vida de las personas hacen que nuestro equipo trabaje d\u00eda y noche. La calidad y el servicio han sido siempre nuestro bast\u00f3n de gu\u00eda en el camino hacia el desarrollo empresarial. Hemos comprendido y sabemos siempre que si nuestros clientes no se sienten c\u00f3modos, no volveremos a verlos.<\/span><\/p>\n\t\t\t\t\t<\/div>\n\t\t\t\t\t\t<\/div>\n\t\t\t\t<\/div>\n\t\t\t\t\t<\/div>\n\t\t<\/div>\n\t\t\t\t<div class=\"elementor-column elementor-col-50 elementor-top-column elementor-element elementor-element-8e6b250\" data-id=\"8e6b250\" data-element_type=\"column\" data-e-type=\"column\">\n\t\t\t<div class=\"elementor-widget-wrap elementor-element-populated\">\n\t\t\t\t\t\t<div class=\"elementor-element elementor-element-733e779 elementor-widget elementor-widget-wd_image_or_svg\" data-id=\"733e779\" data-element_type=\"widget\" data-e-type=\"widget\" data-widget_type=\"wd_image_or_svg.default\">\n\t\t\t\t<div class=\"elementor-widget-container\">\n\t\t\t\t\t\n\t\t<div class=\"wd-image text-left\">\n\t\t\t\t\t\t\t\t<img loading=\"lazy\" decoding=\"async\" width=\"2000\" height=\"1400\" src=\"https:\/\/vamedicalca.com\/wp-content\/uploads\/2023\/07\/why-us-vamedical.png\" class=\"attachment-full size-full\" alt=\"\" srcset=\"https:\/\/vamedicalca.com\/wp-content\/uploads\/2023\/07\/why-us-vamedical.png 2000w, https:\/\/vamedicalca.com\/wp-content\/uploads\/2023\/07\/why-us-vamedical-600x420.png 600w, https:\/\/vamedicalca.com\/wp-content\/uploads\/2023\/07\/why-us-vamedical-300x210.png 300w, https:\/\/vamedicalca.com\/wp-content\/uploads\/2023\/07\/why-us-vamedical-1024x717.png 1024w, https:\/\/vamedicalca.com\/wp-content\/uploads\/2023\/07\/why-us-vamedical-768x538.png 768w, https:\/\/vamedicalca.com\/wp-content\/uploads\/2023\/07\/why-us-vamedical-1536x1075.png 1536w\" sizes=\"auto, (max-width: 2000px) 100vw, 2000px\" \/>\t\t\t\t\t<\/div>\n\n\t\t\t\t\t\t<\/div>\n\t\t\t\t<\/div>\n\t\t\t\t\t<\/div>\n\t\t<\/div>\n\t\t\t\t\t<\/div>\n\t\t<\/section>\n\t\t\t\t<\/div>\n\t\t","protected":false},"excerpt":{"rendered":"<p>SOBRE NOSOTROS Nuestra andadura comenz\u00f3 hace diez a\u00f1os con la firme intenci\u00f3n y el deseo de llegar a socios con<\/p>\n","protected":false},"author":1,"featured_media":0,"parent":0,"menu_order":0,"comment_status":"closed","ping_status":"closed","template":"","meta":{"rs_blank_template":"","rs_page_bg_color":"","slide_template_v7":"","footnotes":""},"class_list":["post-17133","page","type-page","status-publish","hentry"],"_links":{"self":[{"href":"https:\/\/vamedicalca.com\/es\/wp-json\/wp\/v2\/pages\/17133","targetHints":{"allow":["GET"]}}],"collection":[{"href":"https:\/\/vamedicalca.com\/es\/wp-json\/wp\/v2\/pages"}],"about":[{"href":"https:\/\/vamedicalca.com\/es\/wp-json\/wp\/v2\/types\/page"}],"author":[{"embeddable":true,"href":"https:\/\/vamedicalca.com\/es\/wp-json\/wp\/v2\/users\/1"}],"replies":[{"embeddable":true,"href":"https:\/\/vamedicalca.com\/es\/wp-json\/wp\/v2\/comments?post=17133"}],"version-history":[{"count":0,"href":"https:\/\/vamedicalca.com\/es\/wp-json\/wp\/v2\/pages\/17133\/revisions"}],"wp:attachment":[{"href":"https:\/\/vamedicalca.com\/es\/wp-json\/wp\/v2\/media?parent=17133"}],"curies":[{"name":"wp","href":"https:\/\/api.w.org\/{rel}","templated":true}]}}